{"id":951,"date":"2025-03-25T17:20:26","date_gmt":"2025-03-25T22:20:26","guid":{"rendered":"https:\/\/coopsigloxx.coop\/site\/?page_id=951"},"modified":"2025-06-09T11:47:29","modified_gmt":"2025-06-09T16:47:29","slug":"registro-rte-2025","status":"publish","type":"page","link":"https:\/\/coopsigloxx.coop\/site\/registro-rte-2025\/","title":{"rendered":"REGISTRO RTE"},"content":{"rendered":"<p>[et_pb_section fb_built=&#8221;1&#8243; _builder_version=&#8221;4.22.2&#8243; _module_preset=&#8221;default&#8221; global_colors_info=&#8221;{}&#8221;][et_pb_row _builder_version=&#8221;4.22.2&#8243; _module_preset=&#8221;default&#8221; global_colors_info=&#8221;{}&#8221;][et_pb_column type=&#8221;4_4&#8243; _builder_version=&#8221;4.22.2&#8243; _module_preset=&#8221;default&#8221; global_colors_info=&#8221;{}&#8221;][et_pb_heading title=&#8221; Registro de R\u00e9gimen Tributario Especial&#8221; _builder_version=&#8221;4.22.2&#8243; _module_preset=&#8221;default&#8221; title_font=&#8221;Poppins||||||||&#8221; title_text_align=&#8221;center&#8221; title_text_color=&#8221;#005533&#8243; title_font_size=&#8221;36px&#8221; global_colors_info=&#8221;{}&#8221;][\/et_pb_heading][et_pb_text _builder_version=&#8221;4.22.2&#8243; _module_preset=&#8221;default&#8221; text_font=&#8221;Poppins||||||||&#8221; text_text_color=&#8221;#000000&#8243; text_font_size=&#8221;18px&#8221; text_orientation=&#8221;center&#8221; global_colors_info=&#8221;{}&#8221;]<\/p>\n<p style=\"text-align: center;\">En cumplimiento del art\u00edculo 1.2.1.5.1.8. Numeral 3 del Decreto 2150 del 2017 de Diciembre del 2017, La Honorable Asamblea de Delegados, autoriza a la representante legal la doctora DELSY HEREDIA MORENO, para que realice la respectiva actualizaci\u00f3n ante la DIAN, para que la COOPERATIVA DE AHORRO Y CREDITO SIGLO XX, permanezca como entidad del R\u00e9gimen Tributario Especial del Impuesto de Renta, a trav\u00e9s de su p\u00e1gina Web.<\/p>\n<p>[\/et_pb_text][\/et_pb_column][\/et_pb_row][et_pb_row column_structure=&#8221;1_4,1_4,1_4,1_4&#8243; _builder_version=&#8221;4.22.2&#8243; _module_preset=&#8221;default&#8221; global_colors_info=&#8221;{}&#8221;][et_pb_column type=&#8221;1_4&#8243; _builder_version=&#8221;4.22.2&#8243; _module_preset=&#8221;default&#8221; global_colors_info=&#8221;{}&#8221;][et_pb_icon font_icon=&#8221;&#xf1c1;||fa||400&#8243; icon_color=&#8221;#7cda24&#8243; icon_width=&#8221;80px&#8221; url=&#8221;https:\/\/coopsigloxx.coop\/site\/wp-content\/uploads\/2023\/10\/Estatuto_SIXX_Sept_2023.pdf&#8221; url_new_window=&#8221;on&#8221; _builder_version=&#8221;4.22.2&#8243; _module_preset=&#8221;default&#8221; global_colors_info=&#8221;{}&#8221;][\/et_pb_icon][et_pb_heading title=&#8221;Estatuto&#8221; _builder_version=&#8221;4.22.2&#8243; _module_preset=&#8221;default&#8221; title_level=&#8221;h2&#8243; title_font=&#8221;Poppins||||||||&#8221; title_text_align=&#8221;center&#8221; title_font_size=&#8221;20px&#8221; global_colors_info=&#8221;{}&#8221;][\/et_pb_heading][\/et_pb_column][et_pb_column type=&#8221;1_4&#8243; _builder_version=&#8221;4.22.2&#8243; _module_preset=&#8221;default&#8221; global_colors_info=&#8221;{}&#8221;][et_pb_icon font_icon=&#8221;&#xf1c1;||fa||400&#8243; icon_color=&#8221;#7cda24&#8243; icon_width=&#8221;80px&#8221; url=&#8221;https:\/\/coopsigloxx.coop\/site\/wp-content\/uploads\/2025\/06\/CERTIFICACION-DE-CARGOS-DIRECTIVOS-Y-GERENCIALES.pdf&#8221; url_new_window=&#8221;on&#8221; _builder_version=&#8221;4.27.0&#8243; _module_preset=&#8221;default&#8221; hover_enabled=&#8221;0&#8243; global_colors_info=&#8221;{}&#8221; sticky_enabled=&#8221;0&#8243;][\/et_pb_icon][et_pb_heading title=&#8221;Directivos y Fundadores&#8221; _builder_version=&#8221;4.22.2&#8243; _module_preset=&#8221;default&#8221; title_level=&#8221;h2&#8243; title_font=&#8221;Poppins||||||||&#8221; title_text_align=&#8221;center&#8221; title_font_size=&#8221;20px&#8221; hover_enabled=&#8221;0&#8243; global_colors_info=&#8221;{}&#8221; sticky_enabled=&#8221;0&#8243;][\/et_pb_heading][\/et_pb_column][et_pb_column type=&#8221;1_4&#8243; _builder_version=&#8221;4.22.2&#8243; _module_preset=&#8221;default&#8221; global_colors_info=&#8221;{}&#8221;][et_pb_icon font_icon=&#8221;&#xf1c1;||fa||400&#8243; icon_color=&#8221;#7cda24&#8243; icon_width=&#8221;80px&#8221; url=&#8221;https:\/\/coopsigloxx.coop\/site\/wp-content\/uploads\/2025\/03\/INFORME-DE-GESTION-ANO-2024.pdf&#8221; url_new_window=&#8221;on&#8221; _builder_version=&#8221;4.27.0&#8243; _module_preset=&#8221;default&#8221; global_colors_info=&#8221;{}&#8221;][\/et_pb_icon][et_pb_heading title=&#8221;Informe de Gesti\u00f3n&#8221; _builder_version=&#8221;4.22.2&#8243; _module_preset=&#8221;default&#8221; title_level=&#8221;h2&#8243; title_font=&#8221;Poppins||||||||&#8221; title_text_align=&#8221;center&#8221; title_font_size=&#8221;20px&#8221; global_colors_info=&#8221;{}&#8221;][\/et_pb_heading][\/et_pb_column][et_pb_column type=&#8221;1_4&#8243; _builder_version=&#8221;4.22.2&#8243; _module_preset=&#8221;default&#8221; global_colors_info=&#8221;{}&#8221;][et_pb_icon font_icon=&#8221;&#xf1c1;||fa||400&#8243; icon_color=&#8221;#7cda24&#8243; icon_width=&#8221;80px&#8221; url=&#8221;https:\/\/coopsigloxx.coop\/site\/wp-content\/uploads\/2025\/03\/ESTADO-DE-SITUACION-FINANCIERA-2024.pdf&#8221; url_new_window=&#8221;on&#8221; _builder_version=&#8221;4.27.0&#8243; _module_preset=&#8221;default&#8221; global_colors_info=&#8221;{}&#8221;][\/et_pb_icon][et_pb_heading title=&#8221;Estado de la Situaci\u00f3n Financiera&#8221; _builder_version=&#8221;4.22.2&#8243; _module_preset=&#8221;default&#8221; title_level=&#8221;h2&#8243; title_font=&#8221;Poppins||||||||&#8221; title_text_align=&#8221;center&#8221; title_font_size=&#8221;20px&#8221; global_colors_info=&#8221;{}&#8221;][\/et_pb_heading][\/et_pb_column][\/et_pb_row][et_pb_row column_structure=&#8221;1_4,1_4,1_4,1_4&#8243; _builder_version=&#8221;4.22.2&#8243; _module_preset=&#8221;default&#8221; global_colors_info=&#8221;{}&#8221;][et_pb_column type=&#8221;1_4&#8243; _builder_version=&#8221;4.22.2&#8243; _module_preset=&#8221;default&#8221; global_colors_info=&#8221;{}&#8221;][et_pb_icon font_icon=&#8221;&#xf1c1;||fa||400&#8243; icon_color=&#8221;#7cda24&#8243; icon_width=&#8221;80px&#8221; url=&#8221;https:\/\/coopsigloxx.coop\/site\/wp-content\/uploads\/2025\/03\/ESTADO-DE-RESULTADOS-2024.pdf&#8221; url_new_window=&#8221;on&#8221; _builder_version=&#8221;4.27.0&#8243; _module_preset=&#8221;default&#8221; global_colors_info=&#8221;{}&#8221;][\/et_pb_icon][et_pb_heading title=&#8221;Estado de Resultados&#8221; _builder_version=&#8221;4.22.2&#8243; _module_preset=&#8221;default&#8221; title_level=&#8221;h2&#8243; title_font=&#8221;Poppins||||||||&#8221; title_text_align=&#8221;center&#8221; title_font_size=&#8221;20px&#8221; global_colors_info=&#8221;{}&#8221;][\/et_pb_heading][\/et_pb_column][et_pb_column type=&#8221;1_4&#8243; _builder_version=&#8221;4.22.2&#8243; _module_preset=&#8221;default&#8221; global_colors_info=&#8221;{}&#8221;][et_pb_icon font_icon=&#8221;&#xf1c1;||fa||400&#8243; icon_color=&#8221;#7cda24&#8243; icon_width=&#8221;80px&#8221; url=&#8221;https:\/\/coopsigloxx.coop\/site\/wp-content\/uploads\/2025\/03\/ESTADO-DE-FLUJO-DE-EFECTIVO-2024.pdf&#8221; url_new_window=&#8221;on&#8221; _builder_version=&#8221;4.27.0&#8243; _module_preset=&#8221;default&#8221; global_colors_info=&#8221;{}&#8221;][\/et_pb_icon][et_pb_heading title=&#8221;Estado del Flujo de Efectivo&#8221; _builder_version=&#8221;4.22.2&#8243; _module_preset=&#8221;default&#8221; title_level=&#8221;h2&#8243; title_font=&#8221;Poppins||||||||&#8221; title_text_align=&#8221;center&#8221; title_font_size=&#8221;20px&#8221; global_colors_info=&#8221;{}&#8221;][\/et_pb_heading][\/et_pb_column][et_pb_column type=&#8221;1_4&#8243; _builder_version=&#8221;4.22.2&#8243; _module_preset=&#8221;default&#8221; global_colors_info=&#8221;{}&#8221;][et_pb_icon font_icon=&#8221;&#xf1c1;||fa||400&#8243; icon_color=&#8221;#7cda24&#8243; icon_width=&#8221;80px&#8221; url=&#8221;https:\/\/coopsigloxx.coop\/site\/wp-content\/uploads\/2025\/03\/ESTADO-DE-CAMBIOS-EN-EL-PATRIMONIO-2024.pdf&#8221; url_new_window=&#8221;on&#8221; _builder_version=&#8221;4.27.0&#8243; _module_preset=&#8221;default&#8221; global_colors_info=&#8221;{}&#8221;][\/et_pb_icon][et_pb_heading title=&#8221;Estado de Cambios en el Patrimonio&#8221; _builder_version=&#8221;4.22.2&#8243; _module_preset=&#8221;default&#8221; title_level=&#8221;h2&#8243; title_font=&#8221;Poppins||||||||&#8221; title_text_align=&#8221;center&#8221; title_font_size=&#8221;20px&#8221; global_colors_info=&#8221;{}&#8221;][\/et_pb_heading][\/et_pb_column][et_pb_column type=&#8221;1_4&#8243; _builder_version=&#8221;4.22.2&#8243; _module_preset=&#8221;default&#8221; global_colors_info=&#8221;{}&#8221;][et_pb_icon font_icon=&#8221;&#xf1c1;||fa||400&#8243; icon_color=&#8221;#7cda24&#8243; icon_width=&#8221;80px&#8221; url=&#8221;https:\/\/coopsigloxx.coop\/site\/wp-content\/uploads\/2025\/03\/NOTAS-A-LOS-ESTADOS-FINANCIEROS-2024.pdf&#8221; url_new_window=&#8221;on&#8221; _builder_version=&#8221;4.27.0&#8243; _module_preset=&#8221;default&#8221; global_colors_info=&#8221;{}&#8221;][\/et_pb_icon][et_pb_heading title=&#8221;Notas a los Estados Financieros&#8221; _builder_version=&#8221;4.22.2&#8243; _module_preset=&#8221;default&#8221; title_level=&#8221;h2&#8243; title_font=&#8221;Poppins||||||||&#8221; title_text_align=&#8221;center&#8221; title_font_size=&#8221;20px&#8221; global_colors_info=&#8221;{}&#8221;][\/et_pb_heading][\/et_pb_column][\/et_pb_row][\/et_pb_section]<\/p>\n","protected":false},"excerpt":{"rendered":"<p>En cumplimiento del art\u00edculo 1.2.1.5.1.8. Numeral 3 del Decreto 2150 del 2017 de Diciembre del 2017, La Honorable Asamblea de Delegados, autoriza a la representante legal la doctora DELSY HEREDIA MORENO, para que realice la respectiva actualizaci\u00f3n ante la DIAN, para que la COOPERATIVA DE AHORRO Y CREDITO SIGLO XX, permanezca como entidad del R\u00e9gimen [&hellip;]<\/p>\n","protected":false},"author":1,"featured_media":0,"parent":0,"menu_order":0,"comment_status":"closed","ping_status":"closed","template":"","meta":{"_et_pb_use_builder":"on","_et_pb_old_content":"","_et_gb_content_width":"","footnotes":""},"class_list":["post-951","page","type-page","status-publish","hentry"],"_links":{"self":[{"href":"https:\/\/coopsigloxx.coop\/site\/wp-json\/wp\/v2\/pages\/951","targetHints":{"allow":["GET"]}}],"collection":[{"href":"https:\/\/coopsigloxx.coop\/site\/wp-json\/wp\/v2\/pages"}],"about":[{"href":"https:\/\/coopsigloxx.coop\/site\/wp-json\/wp\/v2\/types\/page"}],"author":[{"embeddable":true,"href":"https:\/\/coopsigloxx.coop\/site\/wp-json\/wp\/v2\/users\/1"}],"replies":[{"embeddable":true,"href":"https:\/\/coopsigloxx.coop\/site\/wp-json\/wp\/v2\/comments?post=951"}],"version-history":[{"count":7,"href":"https:\/\/coopsigloxx.coop\/site\/wp-json\/wp\/v2\/pages\/951\/revisions"}],"predecessor-version":[{"id":1005,"href":"https:\/\/coopsigloxx.coop\/site\/wp-json\/wp\/v2\/pages\/951\/revisions\/1005"}],"wp:attachment":[{"href":"https:\/\/coopsigloxx.coop\/site\/wp-json\/wp\/v2\/media?parent=951"}],"curies":[{"name":"wp","href":"https:\/\/api.w.org\/{rel}","templated":true}]}}